{"id":4064,"date":"2024-01-30T23:24:17","date_gmt":"2024-01-30T22:24:17","guid":{"rendered":"http:\/\/www.tonkijski.pl\/?page_id=4064"},"modified":"2024-01-31T14:19:13","modified_gmt":"2024-01-31T13:19:13","slug":"13-14-01-2024-wystawa-piekary-slaskie-wcf-ibscc","status":"publish","type":"page","link":"http:\/\/tonkijski.pl\/?page_id=4064","title":{"rendered":"13-14.01.2024 Wystawa Piekary \u015al\u0105skie &#8211; WCF\/IBSCC"},"content":{"rendered":"<p>Wr\u00f3cili\u015bmy z CHAMPIONAMI! \ud83c\udfc6\ud83c\udfc6<\/p>\n<p>W pierwszym dniu wystawy:<\/p>\n<p>\u2611\ufe0f Ineczka \ud83d\udc99 podczas dw\u00f3ch ocen otrzyma\u0142a dwa certyfikaty EX1, CAC oraz nominacj\u0119 do Best in Show \ud83d\udc4f\ud83e\udd70<\/p>\n<p>\u2611\ufe0f Victor Grey \ud83d\udc99 w pierwszej ocenie otrzyma\u0142 ostatni z potrzebnych trzech certyfikat\u00f3w CAC, EX1 &#8211; tym samym zamkn\u0105\u0142 tytu\u0142 \ud83c\udfc6 National Champion \ud83c\udfc6\ud83d\udc4f\u2665\ufe0f<\/p>\n<p>Drug\u0105 ocen\u0105 CACIB, EX1 rozpocz\u0105\u0142 zdobywanie certyfikat\u00f3w do nast\u0119pnego tytu\u0142u \ud83e\udd70<\/p>\n<p>W drugim dniu wystawy:<\/p>\n<p>\u2611\ufe0fFeliTonki INA \ud83d\udc99 otrzyma\u0142a trzeci certyfikat CAC, EX1 tym samym zamkn\u0119\u0142a tytu\u0142\ud83c\udfc6National Champion\ud83c\udfc6\ud83c\udff5\ufe0f<\/p>\n<p>\u2611\ufe0fCH Tonkville Victor Grey \ud83d\udc99 otrzyma\u0142 drugi certyfikat CACIB, EX1 do tytu\u0142u International Champion.<\/p>\n<p>Oba nasze koty otrzyma\u0142y nominacj\u0119 do Best In Show &#8211; NOM BIS \ud83c\udff5\ufe0f\ud83c\udff5\ufe0f<\/p>\n<p><a href=\"http:\/\/www.tonkijski.pl\/wp-content\/uploads\/2024\/01\/IMG_93141-e1706620341982.jpeg\"><img loading=\"lazy\" decoding=\"async\" class=\"alignnone wp-image-4030 \" src=\"http:\/\/www.tonkijski.pl\/wp-content\/uploads\/2024\/01\/IMG_93141-e1706620341982.jpeg\" alt=\"\" width=\"207\" height=\"310\" \/><img loading=\"lazy\" decoding=\"async\" class=\"alignnone  wp-image-4033\" src=\"http:\/\/www.tonkijski.pl\/wp-content\/uploads\/2024\/01\/IMG_93281-e1706620258573.jpeg\" alt=\"\" width=\"173\" height=\"307\" \/><img loading=\"lazy\" decoding=\"async\" class=\"alignnone size-full wp-image-4034\" src=\"http:\/\/www.tonkijski.pl\/wp-content\/uploads\/2024\/01\/IMG_93951-e1706620223170.jpeg\" alt=\"\" width=\"250\" height=\"188\" \/><\/a> <img loading=\"lazy\" decoding=\"async\" class=\"alignnone size-full wp-image-4028\" src=\"http:\/\/www.tonkijski.pl\/wp-content\/uploads\/2024\/01\/IMG_92981-1-e1706616976755.jpeg\" alt=\"\" width=\"245\" height=\"192\" \/><img loading=\"lazy\" decoding=\"async\" class=\"alignnone  wp-image-4032\" src=\"http:\/\/www.tonkijski.pl\/wp-content\/uploads\/2024\/01\/IMG_93191-e1706620290654.jpeg\" alt=\"\" width=\"261\" height=\"190\" \/><\/p>\n","protected":false},"excerpt":{"rendered":"<p>Wr\u00f3cili\u015bmy z CHAMPIONAMI! \ud83c\udfc6\ud83c\udfc6 W pierwszym dniu wystawy: \u2611\ufe0f Ineczka \ud83d\udc99 podczas dw\u00f3ch ocen otrzyma\u0142a dwa certyfikaty EX1, CAC oraz nominacj\u0119 do Best in Show \ud83d\udc4f\ud83e\udd70 \u2611\ufe0f Victor Grey \ud83d\udc99 w pierwszej ocenie otrzyma\u0142 ostatni z potrzebnych trzech certyfikat\u00f3w CAC, EX1 &#8211; tym samym zamkn\u0105\u0142 tytu\u0142 \ud83c\udfc6 National Champion \ud83c\udfc6\ud83d\udc4f\u2665\ufe0f Drug\u0105 ocen\u0105 CACIB, EX1 rozpocz\u0105\u0142 zdobywanie certyfikat\u00f3w do nast\u0119pnego tytu\u0142u \ud83e\udd70 W drugim dniu wystawy: \u2611\ufe0fFeliTonki INA \ud83d\udc99 otrzyma\u0142a trzeci certyfikat CAC, EX1 tym samym zamkn\u0119\u0142a tytu\u0142\ud83c\udfc6National Champion\ud83c\udfc6\ud83c\udff5\ufe0f \u2611\ufe0fCH Tonkville Victor Grey \ud83d\udc99 otrzyma\u0142 drugi certyfikat CACIB, EX1 do tytu\u0142u International Champion. Oba nasze koty otrzyma\u0142y nominacj\u0119 do Best In Show &#8211; NOM BIS \ud83c\udff5\ufe0f\ud83c\udff5\ufe0f<\/p>\n","protected":false},"author":1,"featured_media":0,"parent":0,"menu_order":0,"comment_status":"closed","ping_status":"closed","template":"","meta":{"ngg_post_thumbnail":0,"footnotes":""},"class_list":["post-4064","page","type-page","status-publish","hentry"],"yoast_head":"<!-- This site is optimized with the Yoast SEO plugin v25.3.1 - https:\/\/yoast.com\/wordpress\/plugins\/seo\/ -->\n<title>13-14.01.2024 Wystawa Piekary \u015al\u0105skie - WCF\/IBSCC - FELITONKI*PL - Koty Tonkijskie<\/title>\n<meta name=\"robots\" content=\"index, follow, max-snippet:-1, max-image-preview:large, max-video-preview:-1\" \/>\n<link rel=\"canonical\" href=\"https:\/\/tonkijski.pl\/?page_id=4064\" \/>\n<meta property=\"og:locale\" content=\"pl_PL\" \/>\n<meta property=\"og:type\" content=\"article\" \/>\n<meta property=\"og:title\" content=\"13-14.01.2024 Wystawa Piekary \u015al\u0105skie - WCF\/IBSCC - FELITONKI*PL - Koty Tonkijskie\" \/>\n<meta property=\"og:description\" content=\"Wr\u00f3cili\u015bmy z CHAMPIONAMI! \ud83c\udfc6\ud83c\udfc6 W pierwszym dniu wystawy: \u2611\ufe0f Ineczka \ud83d\udc99 podczas dw\u00f3ch ocen otrzyma\u0142a dwa certyfikaty EX1, CAC oraz nominacj\u0119 do Best in Show \ud83d\udc4f\ud83e\udd70 \u2611\ufe0f Victor Grey \ud83d\udc99 w pierwszej ocenie otrzyma\u0142 ostatni z potrzebnych trzech certyfikat\u00f3w CAC, EX1 &#8211; tym samym zamkn\u0105\u0142 tytu\u0142 \ud83c\udfc6 National Champion \ud83c\udfc6\ud83d\udc4f\u2665\ufe0f Drug\u0105 ocen\u0105 CACIB, EX1 rozpocz\u0105\u0142 zdobywanie certyfikat\u00f3w do nast\u0119pnego tytu\u0142u \ud83e\udd70 W drugim dniu wystawy: \u2611\ufe0fFeliTonki INA \ud83d\udc99 otrzyma\u0142a trzeci certyfikat CAC, EX1 tym samym zamkn\u0119\u0142a tytu\u0142\ud83c\udfc6National Champion\ud83c\udfc6\ud83c\udff5\ufe0f \u2611\ufe0fCH Tonkville Victor Grey \ud83d\udc99 otrzyma\u0142 drugi certyfikat CACIB, EX1 do tytu\u0142u International Champion. Oba nasze koty otrzyma\u0142y nominacj\u0119 do Best In Show &#8211; NOM BIS \ud83c\udff5\ufe0f\ud83c\udff5\ufe0f\" \/>\n<meta property=\"og:url\" content=\"https:\/\/tonkijski.pl\/?page_id=4064\" \/>\n<meta property=\"og:site_name\" content=\"FELITONKI*PL - Koty Tonkijskie\" \/>\n<meta property=\"article:modified_time\" content=\"2024-01-31T13:19:13+00:00\" \/>\n<meta property=\"og:image\" content=\"http:\/\/www.tonkijski.pl\/wp-content\/uploads\/2024\/01\/IMG_93141-e1706620341982.jpeg\" \/>\n<meta name=\"twitter:card\" content=\"summary_large_image\" \/>\n<meta name=\"twitter:label1\" content=\"Szacowany czas czytania\" \/>\n\t<meta name=\"twitter:data1\" content=\"2 minuty\" \/>\n<script type=\"application\/ld+json\" class=\"yoast-schema-graph\">{\"@context\":\"https:\/\/schema.org\",\"@graph\":[{\"@type\":\"WebPage\",\"@id\":\"https:\/\/tonkijski.pl\/?page_id=4064\",\"url\":\"https:\/\/tonkijski.pl\/?page_id=4064\",\"name\":\"13-14.01.2024 Wystawa Piekary \u015al\u0105skie - WCF\/IBSCC - FELITONKI*PL - Koty Tonkijskie\",\"isPartOf\":{\"@id\":\"http:\/\/tonkijski.pl\/#website\"},\"primaryImageOfPage\":{\"@id\":\"https:\/\/tonkijski.pl\/?page_id=4064#primaryimage\"},\"image\":{\"@id\":\"https:\/\/tonkijski.pl\/?page_id=4064#primaryimage\"},\"thumbnailUrl\":\"http:\/\/www.tonkijski.pl\/wp-content\/uploads\/2024\/01\/IMG_93141-e1706620341982.jpeg\",\"datePublished\":\"2024-01-30T22:24:17+00:00\",\"dateModified\":\"2024-01-31T13:19:13+00:00\",\"breadcrumb\":{\"@id\":\"https:\/\/tonkijski.pl\/?page_id=4064#breadcrumb\"},\"inLanguage\":\"pl-PL\",\"potentialAction\":[{\"@type\":\"ReadAction\",\"target\":[\"https:\/\/tonkijski.pl\/?page_id=4064\"]}]},{\"@type\":\"ImageObject\",\"inLanguage\":\"pl-PL\",\"@id\":\"https:\/\/tonkijski.pl\/?page_id=4064#primaryimage\",\"url\":\"http:\/\/www.tonkijski.pl\/wp-content\/uploads\/2024\/01\/IMG_93141-e1706620341982.jpeg\",\"contentUrl\":\"http:\/\/www.tonkijski.pl\/wp-content\/uploads\/2024\/01\/IMG_93141-e1706620341982.jpeg\"},{\"@type\":\"BreadcrumbList\",\"@id\":\"https:\/\/tonkijski.pl\/?page_id=4064#breadcrumb\",\"itemListElement\":[{\"@type\":\"ListItem\",\"position\":1,\"name\":\"Home\",\"item\":\"http:\/\/tonkijski.pl\/\"},{\"@type\":\"ListItem\",\"position\":2,\"name\":\"13-14.01.2024 Wystawa Piekary \u015al\u0105skie &#8211; WCF\/IBSCC\"}]},{\"@type\":\"WebSite\",\"@id\":\"http:\/\/tonkijski.pl\/#website\",\"url\":\"http:\/\/tonkijski.pl\/\",\"name\":\"FELITONKI*PL - Koty Tonkijskie\",\"description\":\"\",\"potentialAction\":[{\"@type\":\"SearchAction\",\"target\":{\"@type\":\"EntryPoint\",\"urlTemplate\":\"http:\/\/tonkijski.pl\/?s={search_term_string}\"},\"query-input\":{\"@type\":\"PropertyValueSpecification\",\"valueRequired\":true,\"valueName\":\"search_term_string\"}}],\"inLanguage\":\"pl-PL\"}]}<\/script>\n<!-- \/ Yoast SEO plugin. -->","yoast_head_json":{"title":"13-14.01.2024 Wystawa Piekary \u015al\u0105skie - WCF\/IBSCC - FELITONKI*PL - Koty Tonkijskie","robots":{"index":"index","follow":"follow","max-snippet":"max-snippet:-1","max-image-preview":"max-image-preview:large","max-video-preview":"max-video-preview:-1"},"canonical":"https:\/\/tonkijski.pl\/?page_id=4064","og_locale":"pl_PL","og_type":"article","og_title":"13-14.01.2024 Wystawa Piekary \u015al\u0105skie - WCF\/IBSCC - FELITONKI*PL - Koty Tonkijskie","og_description":"Wr\u00f3cili\u015bmy z CHAMPIONAMI! \ud83c\udfc6\ud83c\udfc6 W pierwszym dniu wystawy: \u2611\ufe0f Ineczka \ud83d\udc99 podczas dw\u00f3ch ocen otrzyma\u0142a dwa certyfikaty EX1, CAC oraz nominacj\u0119 do Best in Show \ud83d\udc4f\ud83e\udd70 \u2611\ufe0f Victor Grey \ud83d\udc99 w pierwszej ocenie otrzyma\u0142 ostatni z potrzebnych trzech certyfikat\u00f3w CAC, EX1 &#8211; tym samym zamkn\u0105\u0142 tytu\u0142 \ud83c\udfc6 National Champion \ud83c\udfc6\ud83d\udc4f\u2665\ufe0f Drug\u0105 ocen\u0105 CACIB, EX1 rozpocz\u0105\u0142 zdobywanie certyfikat\u00f3w do nast\u0119pnego tytu\u0142u \ud83e\udd70 W drugim dniu wystawy: \u2611\ufe0fFeliTonki INA \ud83d\udc99 otrzyma\u0142a trzeci certyfikat CAC, EX1 tym samym zamkn\u0119\u0142a tytu\u0142\ud83c\udfc6National Champion\ud83c\udfc6\ud83c\udff5\ufe0f \u2611\ufe0fCH Tonkville Victor Grey \ud83d\udc99 otrzyma\u0142 drugi certyfikat CACIB, EX1 do tytu\u0142u International Champion. Oba nasze koty otrzyma\u0142y nominacj\u0119 do Best In Show &#8211; NOM BIS \ud83c\udff5\ufe0f\ud83c\udff5\ufe0f","og_url":"https:\/\/tonkijski.pl\/?page_id=4064","og_site_name":"FELITONKI*PL - Koty Tonkijskie","article_modified_time":"2024-01-31T13:19:13+00:00","og_image":[{"url":"http:\/\/www.tonkijski.pl\/wp-content\/uploads\/2024\/01\/IMG_93141-e1706620341982.jpeg","type":"","width":"","height":""}],"twitter_card":"summary_large_image","twitter_misc":{"Szacowany czas czytania":"2 minuty"},"schema":{"@context":"https:\/\/schema.org","@graph":[{"@type":"WebPage","@id":"https:\/\/tonkijski.pl\/?page_id=4064","url":"https:\/\/tonkijski.pl\/?page_id=4064","name":"13-14.01.2024 Wystawa Piekary \u015al\u0105skie - WCF\/IBSCC - FELITONKI*PL - Koty Tonkijskie","isPartOf":{"@id":"http:\/\/tonkijski.pl\/#website"},"primaryImageOfPage":{"@id":"https:\/\/tonkijski.pl\/?page_id=4064#primaryimage"},"image":{"@id":"https:\/\/tonkijski.pl\/?page_id=4064#primaryimage"},"thumbnailUrl":"http:\/\/www.tonkijski.pl\/wp-content\/uploads\/2024\/01\/IMG_93141-e1706620341982.jpeg","datePublished":"2024-01-30T22:24:17+00:00","dateModified":"2024-01-31T13:19:13+00:00","breadcrumb":{"@id":"https:\/\/tonkijski.pl\/?page_id=4064#breadcrumb"},"inLanguage":"pl-PL","potentialAction":[{"@type":"ReadAction","target":["https:\/\/tonkijski.pl\/?page_id=4064"]}]},{"@type":"ImageObject","inLanguage":"pl-PL","@id":"https:\/\/tonkijski.pl\/?page_id=4064#primaryimage","url":"http:\/\/www.tonkijski.pl\/wp-content\/uploads\/2024\/01\/IMG_93141-e1706620341982.jpeg","contentUrl":"http:\/\/www.tonkijski.pl\/wp-content\/uploads\/2024\/01\/IMG_93141-e1706620341982.jpeg"},{"@type":"BreadcrumbList","@id":"https:\/\/tonkijski.pl\/?page_id=4064#breadcrumb","itemListElement":[{"@type":"ListItem","position":1,"name":"Home","item":"http:\/\/tonkijski.pl\/"},{"@type":"ListItem","position":2,"name":"13-14.01.2024 Wystawa Piekary \u015al\u0105skie &#8211; WCF\/IBSCC"}]},{"@type":"WebSite","@id":"http:\/\/tonkijski.pl\/#website","url":"http:\/\/tonkijski.pl\/","name":"FELITONKI*PL - Koty Tonkijskie","description":"","potentialAction":[{"@type":"SearchAction","target":{"@type":"EntryPoint","urlTemplate":"http:\/\/tonkijski.pl\/?s={search_term_string}"},"query-input":{"@type":"PropertyValueSpecification","valueRequired":true,"valueName":"search_term_string"}}],"inLanguage":"pl-PL"}]}},"_links":{"self":[{"href":"http:\/\/tonkijski.pl\/index.php?rest_route=\/wp\/v2\/pages\/4064","targetHints":{"allow":["GET"]}}],"collection":[{"href":"http:\/\/tonkijski.pl\/index.php?rest_route=\/wp\/v2\/pages"}],"about":[{"href":"http:\/\/tonkijski.pl\/index.php?rest_route=\/wp\/v2\/types\/page"}],"author":[{"embeddable":true,"href":"http:\/\/tonkijski.pl\/index.php?rest_route=\/wp\/v2\/users\/1"}],"replies":[{"embeddable":true,"href":"http:\/\/tonkijski.pl\/index.php?rest_route=%2Fwp%2Fv2%2Fcomments&post=4064"}],"version-history":[{"count":6,"href":"http:\/\/tonkijski.pl\/index.php?rest_route=\/wp\/v2\/pages\/4064\/revisions"}],"predecessor-version":[{"id":4080,"href":"http:\/\/tonkijski.pl\/index.php?rest_route=\/wp\/v2\/pages\/4064\/revisions\/4080"}],"wp:attachment":[{"href":"http:\/\/tonkijski.pl\/index.php?rest_route=%2Fwp%2Fv2%2Fmedia&parent=4064"}],"curies":[{"name":"wp","href":"https:\/\/api.w.org\/{rel}","templated":true}]}}