{"id":3983,"date":"2024-01-30T12:40:22","date_gmt":"2024-01-30T11:40:22","guid":{"rendered":"http:\/\/www.tonkijski.pl\/?page_id=3983"},"modified":"2024-01-30T23:39:41","modified_gmt":"2024-01-30T22:39:41","slug":"12-11-2023r-wroclaw-wcf-coral-jubilee-show","status":"publish","type":"page","link":"http:\/\/tonkijski.pl\/?page_id=3983","title":{"rendered":"12.11.2023 Wystawa Wroc\u0142aw &#8211; WCF Coral Jubilee Show"},"content":{"rendered":"<div>WCF Coral Jubilee Show &#8211; Wroc\u0142aw 12.11.2023r. ju\u017c za nami \ud83e\udd70<\/div>\n<div>Tonkville Victor Grey -nasz reproduktor &#8211; spisa\u0142 si\u0119 doskonale. Dwie oceny &#8211; 2x Ex1 CAC, NOM BIS. Bardzo podoba\u0142 si\u0119 s\u0119dziom &#8211; w Best in Show zdoby\u0142 sw\u00f3j pierwszy puchar i tytu\u0142 \ud83c\udfc6BOS\ud83c\udff5\ufe0f- Best Opposite Sex \ud83e\udd70<\/div>\n<div><\/div>\n<div><img loading=\"lazy\" decoding=\"async\" class=\"alignnone wp-image-4008\" src=\"http:\/\/www.tonkijski.pl\/wp-content\/uploads\/2024\/01\/IMG_73831.jpeg\" alt=\"\" width=\"205\" height=\"241\" srcset=\"http:\/\/tonkijski.pl\/wp-content\/uploads\/2024\/01\/IMG_73831.jpeg 1828w, http:\/\/tonkijski.pl\/wp-content\/uploads\/2024\/01\/IMG_73831-768x902.jpeg 768w, http:\/\/tonkijski.pl\/wp-content\/uploads\/2024\/01\/IMG_73831-100x117.jpeg 100w, http:\/\/tonkijski.pl\/wp-content\/uploads\/2024\/01\/IMG_73831-230x270.jpeg 230w\" sizes=\"auto, (max-width: 205px) 100vw, 205px\" \/> \u00a0<img loading=\"lazy\" decoding=\"async\" class=\"alignnone wp-image-4010\" src=\"http:\/\/www.tonkijski.pl\/wp-content\/uploads\/2024\/01\/IMG_73941.jpeg\" alt=\"\" width=\"170\" height=\"243\" srcset=\"http:\/\/tonkijski.pl\/wp-content\/uploads\/2024\/01\/IMG_73941.jpeg 2194w, http:\/\/tonkijski.pl\/wp-content\/uploads\/2024\/01\/IMG_73941-768x1094.jpeg 768w, http:\/\/tonkijski.pl\/wp-content\/uploads\/2024\/01\/IMG_73941-100x142.jpeg 100w, http:\/\/tonkijski.pl\/wp-content\/uploads\/2024\/01\/IMG_73941-230x327.jpeg 230w\" sizes=\"auto, (max-width: 170px) 100vw, 170px\" \/> <img loading=\"lazy\" decoding=\"async\" class=\"alignnone wp-image-4011\" src=\"http:\/\/www.tonkijski.pl\/wp-content\/uploads\/2024\/01\/IMG_73971.jpeg\" alt=\"\" width=\"137\" height=\"244\" srcset=\"http:\/\/tonkijski.pl\/wp-content\/uploads\/2024\/01\/IMG_73971.jpeg 2268w, http:\/\/tonkijski.pl\/wp-content\/uploads\/2024\/01\/IMG_73971-768x1365.jpeg 768w, http:\/\/tonkijski.pl\/wp-content\/uploads\/2024\/01\/IMG_73971-100x177.jpeg 100w, http:\/\/tonkijski.pl\/wp-content\/uploads\/2024\/01\/IMG_73971-230x408.jpeg 230w\" sizes=\"auto, (max-width: 137px) 100vw, 137px\" \/> <img loading=\"lazy\" decoding=\"async\" class=\"alignnone wp-image-4012\" src=\"http:\/\/www.tonkijski.pl\/wp-content\/uploads\/2024\/01\/IMG_73981.jpeg\" alt=\"\" width=\"158\" height=\"242\" srcset=\"http:\/\/tonkijski.pl\/wp-content\/uploads\/2024\/01\/IMG_73981.jpeg 1217w, http:\/\/tonkijski.pl\/wp-content\/uploads\/2024\/01\/IMG_73981-768x1174.jpeg 768w, http:\/\/tonkijski.pl\/wp-content\/uploads\/2024\/01\/IMG_73981-100x152.jpeg 100w, http:\/\/tonkijski.pl\/wp-content\/uploads\/2024\/01\/IMG_73981-230x351.jpeg 230w\" sizes=\"auto, (max-width: 158px) 100vw, 158px\" \/> \u00a0\u00a0<img loading=\"lazy\" decoding=\"async\" class=\"alignnone wp-image-4013\" src=\"http:\/\/www.tonkijski.pl\/wp-content\/uploads\/2024\/01\/IMG_74131.jpeg\" alt=\"\" width=\"182\" height=\"249\" srcset=\"http:\/\/tonkijski.pl\/wp-content\/uploads\/2024\/01\/IMG_74131.jpeg 2438w, http:\/\/tonkijski.pl\/wp-content\/uploads\/2024\/01\/IMG_74131-768x1051.jpeg 768w, http:\/\/tonkijski.pl\/wp-content\/uploads\/2024\/01\/IMG_74131-100x136.jpeg 100w, http:\/\/tonkijski.pl\/wp-content\/uploads\/2024\/01\/IMG_74131-230x315.jpeg 230w\" sizes=\"auto, (max-width: 182px) 100vw, 182px\" \/><img loading=\"lazy\" decoding=\"async\" class=\"alignnone wp-image-4015\" src=\"http:\/\/www.tonkijski.pl\/wp-content\/uploads\/2024\/01\/IMG_74201.jpeg\" alt=\"\" width=\"174\" height=\"251\" srcset=\"http:\/\/tonkijski.pl\/wp-content\/uploads\/2024\/01\/IMG_74201.jpeg 2231w, http:\/\/tonkijski.pl\/wp-content\/uploads\/2024\/01\/IMG_74201-768x1107.jpeg 768w, http:\/\/tonkijski.pl\/wp-content\/uploads\/2024\/01\/IMG_74201-100x144.jpeg 100w, http:\/\/tonkijski.pl\/wp-content\/uploads\/2024\/01\/IMG_74201-230x331.jpeg 230w\" sizes=\"auto, (max-width: 174px) 100vw, 174px\" \/><\/div>\n<div><\/div>\n","protected":false},"excerpt":{"rendered":"<p>WCF Coral Jubilee Show &#8211; Wroc\u0142aw 12.11.2023r. ju\u017c za nami \ud83e\udd70 Tonkville Victor Grey -nasz reproduktor &#8211; spisa\u0142 si\u0119 doskonale. Dwie oceny &#8211; 2x Ex1 CAC, NOM BIS. Bardzo podoba\u0142 si\u0119 s\u0119dziom &#8211; w Best in Show zdoby\u0142 sw\u00f3j pierwszy puchar i tytu\u0142 \ud83c\udfc6BOS\ud83c\udff5\ufe0f- Best Opposite Sex \ud83e\udd70 \u00a0 \u00a0\u00a0<\/p>\n","protected":false},"author":1,"featured_media":0,"parent":0,"menu_order":0,"comment_status":"closed","ping_status":"closed","template":"","meta":{"ngg_post_thumbnail":0,"footnotes":""},"class_list":["post-3983","page","type-page","status-publish","hentry"],"yoast_head":"<!-- This site is optimized with the Yoast SEO plugin v25.3.1 - https:\/\/yoast.com\/wordpress\/plugins\/seo\/ -->\n<title>12.11.2023 Wystawa Wroc\u0142aw - WCF Coral Jubilee Show - FELITONKI*PL - Koty Tonkijskie<\/title>\n<meta name=\"robots\" content=\"index, follow, max-snippet:-1, max-image-preview:large, max-video-preview:-1\" \/>\n<link rel=\"canonical\" href=\"http:\/\/tonkijski.pl\/?page_id=3983\" \/>\n<meta property=\"og:locale\" content=\"pl_PL\" \/>\n<meta property=\"og:type\" content=\"article\" \/>\n<meta property=\"og:title\" content=\"12.11.2023 Wystawa Wroc\u0142aw - WCF Coral Jubilee Show - FELITONKI*PL - Koty Tonkijskie\" \/>\n<meta property=\"og:description\" content=\"WCF Coral Jubilee Show &#8211; Wroc\u0142aw 12.11.2023r. ju\u017c za nami \ud83e\udd70 Tonkville Victor Grey -nasz reproduktor &#8211; spisa\u0142 si\u0119 doskonale. Dwie oceny &#8211; 2x Ex1 CAC, NOM BIS. Bardzo podoba\u0142 si\u0119 s\u0119dziom &#8211; w Best in Show zdoby\u0142 sw\u00f3j pierwszy puchar i tytu\u0142 \ud83c\udfc6BOS\ud83c\udff5\ufe0f- Best Opposite Sex \ud83e\udd70 \u00a0 \u00a0\u00a0\" \/>\n<meta property=\"og:url\" content=\"http:\/\/tonkijski.pl\/?page_id=3983\" \/>\n<meta property=\"og:site_name\" content=\"FELITONKI*PL - Koty Tonkijskie\" \/>\n<meta property=\"article:modified_time\" content=\"2024-01-30T22:39:41+00:00\" \/>\n<meta property=\"og:image\" content=\"http:\/\/www.tonkijski.pl\/wp-content\/uploads\/2024\/01\/IMG_73831.jpeg\" \/>\n<meta name=\"twitter:card\" content=\"summary_large_image\" \/>\n<meta name=\"twitter:label1\" content=\"Szacowany czas czytania\" \/>\n\t<meta name=\"twitter:data1\" content=\"2 minuty\" \/>\n<script type=\"application\/ld+json\" class=\"yoast-schema-graph\">{\"@context\":\"https:\/\/schema.org\",\"@graph\":[{\"@type\":\"WebPage\",\"@id\":\"http:\/\/tonkijski.pl\/?page_id=3983\",\"url\":\"http:\/\/tonkijski.pl\/?page_id=3983\",\"name\":\"12.11.2023 Wystawa Wroc\u0142aw - WCF Coral Jubilee Show - FELITONKI*PL - Koty Tonkijskie\",\"isPartOf\":{\"@id\":\"http:\/\/tonkijski.pl\/#website\"},\"primaryImageOfPage\":{\"@id\":\"http:\/\/tonkijski.pl\/?page_id=3983#primaryimage\"},\"image\":{\"@id\":\"http:\/\/tonkijski.pl\/?page_id=3983#primaryimage\"},\"thumbnailUrl\":\"http:\/\/www.tonkijski.pl\/wp-content\/uploads\/2024\/01\/IMG_73831.jpeg\",\"datePublished\":\"2024-01-30T11:40:22+00:00\",\"dateModified\":\"2024-01-30T22:39:41+00:00\",\"breadcrumb\":{\"@id\":\"http:\/\/tonkijski.pl\/?page_id=3983#breadcrumb\"},\"inLanguage\":\"pl-PL\",\"potentialAction\":[{\"@type\":\"ReadAction\",\"target\":[\"http:\/\/tonkijski.pl\/?page_id=3983\"]}]},{\"@type\":\"ImageObject\",\"inLanguage\":\"pl-PL\",\"@id\":\"http:\/\/tonkijski.pl\/?page_id=3983#primaryimage\",\"url\":\"http:\/\/www.tonkijski.pl\/wp-content\/uploads\/2024\/01\/IMG_73831.jpeg\",\"contentUrl\":\"http:\/\/www.tonkijski.pl\/wp-content\/uploads\/2024\/01\/IMG_73831.jpeg\"},{\"@type\":\"BreadcrumbList\",\"@id\":\"http:\/\/tonkijski.pl\/?page_id=3983#breadcrumb\",\"itemListElement\":[{\"@type\":\"ListItem\",\"position\":1,\"name\":\"Home\",\"item\":\"http:\/\/tonkijski.pl\/\"},{\"@type\":\"ListItem\",\"position\":2,\"name\":\"12.11.2023 Wystawa Wroc\u0142aw &#8211; WCF Coral Jubilee Show\"}]},{\"@type\":\"WebSite\",\"@id\":\"http:\/\/tonkijski.pl\/#website\",\"url\":\"http:\/\/tonkijski.pl\/\",\"name\":\"FELITONKI*PL - Koty Tonkijskie\",\"description\":\"\",\"potentialAction\":[{\"@type\":\"SearchAction\",\"target\":{\"@type\":\"EntryPoint\",\"urlTemplate\":\"http:\/\/tonkijski.pl\/?s={search_term_string}\"},\"query-input\":{\"@type\":\"PropertyValueSpecification\",\"valueRequired\":true,\"valueName\":\"search_term_string\"}}],\"inLanguage\":\"pl-PL\"}]}<\/script>\n<!-- \/ Yoast SEO plugin. -->","yoast_head_json":{"title":"12.11.2023 Wystawa Wroc\u0142aw - WCF Coral Jubilee Show - FELITONKI*PL - Koty Tonkijskie","robots":{"index":"index","follow":"follow","max-snippet":"max-snippet:-1","max-image-preview":"max-image-preview:large","max-video-preview":"max-video-preview:-1"},"canonical":"http:\/\/tonkijski.pl\/?page_id=3983","og_locale":"pl_PL","og_type":"article","og_title":"12.11.2023 Wystawa Wroc\u0142aw - WCF Coral Jubilee Show - FELITONKI*PL - Koty Tonkijskie","og_description":"WCF Coral Jubilee Show &#8211; Wroc\u0142aw 12.11.2023r. ju\u017c za nami \ud83e\udd70 Tonkville Victor Grey -nasz reproduktor &#8211; spisa\u0142 si\u0119 doskonale. Dwie oceny &#8211; 2x Ex1 CAC, NOM BIS. Bardzo podoba\u0142 si\u0119 s\u0119dziom &#8211; w Best in Show zdoby\u0142 sw\u00f3j pierwszy puchar i tytu\u0142 \ud83c\udfc6BOS\ud83c\udff5\ufe0f- Best Opposite Sex \ud83e\udd70 \u00a0 \u00a0\u00a0","og_url":"http:\/\/tonkijski.pl\/?page_id=3983","og_site_name":"FELITONKI*PL - Koty Tonkijskie","article_modified_time":"2024-01-30T22:39:41+00:00","og_image":[{"url":"http:\/\/www.tonkijski.pl\/wp-content\/uploads\/2024\/01\/IMG_73831.jpeg","type":"","width":"","height":""}],"twitter_card":"summary_large_image","twitter_misc":{"Szacowany czas czytania":"2 minuty"},"schema":{"@context":"https:\/\/schema.org","@graph":[{"@type":"WebPage","@id":"http:\/\/tonkijski.pl\/?page_id=3983","url":"http:\/\/tonkijski.pl\/?page_id=3983","name":"12.11.2023 Wystawa Wroc\u0142aw - WCF Coral Jubilee Show - FELITONKI*PL - Koty Tonkijskie","isPartOf":{"@id":"http:\/\/tonkijski.pl\/#website"},"primaryImageOfPage":{"@id":"http:\/\/tonkijski.pl\/?page_id=3983#primaryimage"},"image":{"@id":"http:\/\/tonkijski.pl\/?page_id=3983#primaryimage"},"thumbnailUrl":"http:\/\/www.tonkijski.pl\/wp-content\/uploads\/2024\/01\/IMG_73831.jpeg","datePublished":"2024-01-30T11:40:22+00:00","dateModified":"2024-01-30T22:39:41+00:00","breadcrumb":{"@id":"http:\/\/tonkijski.pl\/?page_id=3983#breadcrumb"},"inLanguage":"pl-PL","potentialAction":[{"@type":"ReadAction","target":["http:\/\/tonkijski.pl\/?page_id=3983"]}]},{"@type":"ImageObject","inLanguage":"pl-PL","@id":"http:\/\/tonkijski.pl\/?page_id=3983#primaryimage","url":"http:\/\/www.tonkijski.pl\/wp-content\/uploads\/2024\/01\/IMG_73831.jpeg","contentUrl":"http:\/\/www.tonkijski.pl\/wp-content\/uploads\/2024\/01\/IMG_73831.jpeg"},{"@type":"BreadcrumbList","@id":"http:\/\/tonkijski.pl\/?page_id=3983#breadcrumb","itemListElement":[{"@type":"ListItem","position":1,"name":"Home","item":"http:\/\/tonkijski.pl\/"},{"@type":"ListItem","position":2,"name":"12.11.2023 Wystawa Wroc\u0142aw &#8211; WCF Coral Jubilee Show"}]},{"@type":"WebSite","@id":"http:\/\/tonkijski.pl\/#website","url":"http:\/\/tonkijski.pl\/","name":"FELITONKI*PL - Koty Tonkijskie","description":"","potentialAction":[{"@type":"SearchAction","target":{"@type":"EntryPoint","urlTemplate":"http:\/\/tonkijski.pl\/?s={search_term_string}"},"query-input":{"@type":"PropertyValueSpecification","valueRequired":true,"valueName":"search_term_string"}}],"inLanguage":"pl-PL"}]}},"_links":{"self":[{"href":"http:\/\/tonkijski.pl\/index.php?rest_route=\/wp\/v2\/pages\/3983","targetHints":{"allow":["GET"]}}],"collection":[{"href":"http:\/\/tonkijski.pl\/index.php?rest_route=\/wp\/v2\/pages"}],"about":[{"href":"http:\/\/tonkijski.pl\/index.php?rest_route=\/wp\/v2\/types\/page"}],"author":[{"embeddable":true,"href":"http:\/\/tonkijski.pl\/index.php?rest_route=\/wp\/v2\/users\/1"}],"replies":[{"embeddable":true,"href":"http:\/\/tonkijski.pl\/index.php?rest_route=%2Fwp%2Fv2%2Fcomments&post=3983"}],"version-history":[{"count":5,"href":"http:\/\/tonkijski.pl\/index.php?rest_route=\/wp\/v2\/pages\/3983\/revisions"}],"predecessor-version":[{"id":4070,"href":"http:\/\/tonkijski.pl\/index.php?rest_route=\/wp\/v2\/pages\/3983\/revisions\/4070"}],"wp:attachment":[{"href":"http:\/\/tonkijski.pl\/index.php?rest_route=%2Fwp%2Fv2%2Fmedia&parent=3983"}],"curies":[{"name":"wp","href":"https:\/\/api.w.org\/{rel}","templated":true}]}}