{"id":3979,"date":"2024-01-19T15:56:46","date_gmt":"2024-01-19T14:56:46","guid":{"rendered":"http:\/\/www.tonkijski.pl\/?page_id=3979"},"modified":"2024-01-30T23:41:43","modified_gmt":"2024-01-30T22:41:43","slug":"ksiazenice-21-22-10-2023r-wystawa-tica","status":"publish","type":"page","link":"http:\/\/tonkijski.pl\/?page_id=3979","title":{"rendered":"21-22.10.2023 Wystawa Ksi\u0105\u017cenice &#8211; TICA"},"content":{"rendered":"\r\n<div>Kochani, mo\u017cemy ju\u017c si\u0119 chwali\u0107 \ud83d\ude0d nasz \ud83c\uddfa\ud83c\uddf8Tonkville Victor Grey\ud83d\udc99 na swojej pierwszej w \u017cyciu wystawie &#8211; TICA Ksi\u0105\u017cenice 21-22.X.2023 &#8211; zdoby\u0142 dwa tytu\u0142y Champion\ud83c\udfc6oraz \u00a0Grand Champion\ud83c\udfc6\ud83c\udfc6- zosta\u0142 wybrany do 6 fina\u0142\u00f3w i uzyska\u0142 1340 punkt\u00f3w\ud83d\ude0a<\/div>\r\n<div>Jeste\u015bmy tacy dumni i szcz\u0119\u015bliwi \ud83e\udd70<\/div>\r\n<div>Ineczka nasza r\u00f3wnie\u017c bardzo podoba\u0142a si\u0119 s\u0119dziom, ale pozosta\u0142a w cieniu Victora, w TICA zwyci\u0119zca w rasie mo\u017ce by\u0107 tylko jeden \ud83d\ude42<\/div>\r\n<div><img loading=\"lazy\" decoding=\"async\" class=\"alignnone  wp-image-3992\" src=\"http:\/\/www.tonkijski.pl\/wp-content\/uploads\/2024\/01\/IMG_68471.jpeg\" alt=\"\" width=\"166\" height=\"241\" srcset=\"http:\/\/tonkijski.pl\/wp-content\/uploads\/2024\/01\/IMG_68471.jpeg 2103w, http:\/\/tonkijski.pl\/wp-content\/uploads\/2024\/01\/IMG_68471-768x1113.jpeg 768w, http:\/\/tonkijski.pl\/wp-content\/uploads\/2024\/01\/IMG_68471-100x145.jpeg 100w, http:\/\/tonkijski.pl\/wp-content\/uploads\/2024\/01\/IMG_68471-230x333.jpeg 230w\" sizes=\"auto, (max-width: 166px) 100vw, 166px\" \/><img loading=\"lazy\" decoding=\"async\" class=\"alignnone  wp-image-3993\" src=\"http:\/\/www.tonkijski.pl\/wp-content\/uploads\/2024\/01\/IMG_68851.jpeg\" alt=\"\" width=\"169\" height=\"239\" srcset=\"http:\/\/tonkijski.pl\/wp-content\/uploads\/2024\/01\/IMG_68851.jpeg 1213w, http:\/\/tonkijski.pl\/wp-content\/uploads\/2024\/01\/IMG_68851-768x1085.jpeg 768w, http:\/\/tonkijski.pl\/wp-content\/uploads\/2024\/01\/IMG_68851-100x141.jpeg 100w, http:\/\/tonkijski.pl\/wp-content\/uploads\/2024\/01\/IMG_68851-230x325.jpeg 230w\" sizes=\"auto, (max-width: 169px) 100vw, 169px\" \/><img loading=\"lazy\" decoding=\"async\" class=\"alignnone  wp-image-3994\" src=\"http:\/\/www.tonkijski.pl\/wp-content\/uploads\/2024\/01\/IMG_69051.jpeg\" alt=\"\" width=\"164\" height=\"240\" srcset=\"http:\/\/tonkijski.pl\/wp-content\/uploads\/2024\/01\/IMG_69051.jpeg 2381w, http:\/\/tonkijski.pl\/wp-content\/uploads\/2024\/01\/IMG_69051-768x1124.jpeg 768w, http:\/\/tonkijski.pl\/wp-content\/uploads\/2024\/01\/IMG_69051-100x146.jpeg 100w, http:\/\/tonkijski.pl\/wp-content\/uploads\/2024\/01\/IMG_69051-230x336.jpeg 230w\" sizes=\"auto, (max-width: 164px) 100vw, 164px\" \/><img loading=\"lazy\" decoding=\"async\" class=\"alignnone  wp-image-3995\" src=\"http:\/\/www.tonkijski.pl\/wp-content\/uploads\/2024\/01\/IMG_69731.jpeg\" alt=\"\" width=\"135\" height=\"240\" srcset=\"http:\/\/tonkijski.pl\/wp-content\/uploads\/2024\/01\/IMG_69731.jpeg 2268w, http:\/\/tonkijski.pl\/wp-content\/uploads\/2024\/01\/IMG_69731-768x1365.jpeg 768w, http:\/\/tonkijski.pl\/wp-content\/uploads\/2024\/01\/IMG_69731-100x177.jpeg 100w, http:\/\/tonkijski.pl\/wp-content\/uploads\/2024\/01\/IMG_69731-230x408.jpeg 230w\" sizes=\"auto, (max-width: 135px) 100vw, 135px\" \/><img loading=\"lazy\" decoding=\"async\" class=\"alignnone  wp-image-3997\" src=\"http:\/\/www.tonkijski.pl\/wp-content\/uploads\/2024\/01\/IMG_70571.jpeg\" alt=\"\" width=\"329\" height=\"220\" srcset=\"http:\/\/tonkijski.pl\/wp-content\/uploads\/2024\/01\/IMG_70571.jpeg 1600w, http:\/\/tonkijski.pl\/wp-content\/uploads\/2024\/01\/IMG_70571-768x512.jpeg 768w, http:\/\/tonkijski.pl\/wp-content\/uploads\/2024\/01\/IMG_70571-100x66.jpeg 100w, http:\/\/tonkijski.pl\/wp-content\/uploads\/2024\/01\/IMG_70571-230x153.jpeg 230w\" sizes=\"auto, (max-width: 329px) 100vw, 329px\" \/><img loading=\"lazy\" decoding=\"async\" class=\"alignnone  wp-image-3996\" src=\"http:\/\/www.tonkijski.pl\/wp-content\/uploads\/2024\/01\/IMG_70561.jpeg\" alt=\"\" width=\"331\" height=\"220\" srcset=\"http:\/\/tonkijski.pl\/wp-content\/uploads\/2024\/01\/IMG_70561.jpeg 1600w, http:\/\/tonkijski.pl\/wp-content\/uploads\/2024\/01\/IMG_70561-768x512.jpeg 768w, http:\/\/tonkijski.pl\/wp-content\/uploads\/2024\/01\/IMG_70561-100x66.jpeg 100w, http:\/\/tonkijski.pl\/wp-content\/uploads\/2024\/01\/IMG_70561-230x153.jpeg 230w\" sizes=\"auto, (max-width: 331px) 100vw, 331px\" \/><\/div>\r\n<div>\u00a0<\/div>\r\n<div>\u00a0<\/div>\r\n<div>\u00a0<\/div>\r\n","protected":false},"excerpt":{"rendered":"<p>Kochani, mo\u017cemy ju\u017c si\u0119 chwali\u0107 \ud83d\ude0d nasz \ud83c\uddfa\ud83c\uddf8Tonkville Victor Grey\ud83d\udc99 na swojej pierwszej w \u017cyciu wystawie &#8211; TICA Ksi\u0105\u017cenice 21-22.X.2023 &#8211; zdoby\u0142 dwa tytu\u0142y Champion\ud83c\udfc6oraz \u00a0Grand Champion\ud83c\udfc6\ud83c\udfc6- zosta\u0142 wybrany do 6 fina\u0142\u00f3w i uzyska\u0142 1340 punkt\u00f3w\ud83d\ude0a Jeste\u015bmy tacy dumni i szcz\u0119\u015bliwi \ud83e\udd70 Ineczka nasza r\u00f3wnie\u017c bardzo podoba\u0142a si\u0119 s\u0119dziom, ale pozosta\u0142a w cieniu Victora, w TICA zwyci\u0119zca w rasie mo\u017ce by\u0107 tylko jeden \ud83d\ude42 \u00a0 \u00a0 \u00a0<\/p>\n","protected":false},"author":1,"featured_media":0,"parent":0,"menu_order":0,"comment_status":"closed","ping_status":"closed","template":"","meta":{"ngg_post_thumbnail":0,"footnotes":""},"class_list":["post-3979","page","type-page","status-publish","hentry"],"yoast_head":"<!-- This site is optimized with the Yoast SEO plugin v25.3.1 - https:\/\/yoast.com\/wordpress\/plugins\/seo\/ -->\n<title>21-22.10.2023 Wystawa Ksi\u0105\u017cenice - TICA - FELITONKI*PL - Koty Tonkijskie<\/title>\n<meta name=\"robots\" content=\"index, follow, max-snippet:-1, max-image-preview:large, max-video-preview:-1\" \/>\n<link rel=\"canonical\" href=\"https:\/\/tonkijski.pl\/?page_id=3979\" \/>\n<meta property=\"og:locale\" content=\"pl_PL\" \/>\n<meta property=\"og:type\" content=\"article\" \/>\n<meta property=\"og:title\" content=\"21-22.10.2023 Wystawa Ksi\u0105\u017cenice - TICA - FELITONKI*PL - Koty Tonkijskie\" \/>\n<meta property=\"og:description\" content=\"Kochani, mo\u017cemy ju\u017c si\u0119 chwali\u0107 \ud83d\ude0d nasz \ud83c\uddfa\ud83c\uddf8Tonkville Victor Grey\ud83d\udc99 na swojej pierwszej w \u017cyciu wystawie &#8211; TICA Ksi\u0105\u017cenice 21-22.X.2023 &#8211; zdoby\u0142 dwa tytu\u0142y Champion\ud83c\udfc6oraz \u00a0Grand Champion\ud83c\udfc6\ud83c\udfc6- zosta\u0142 wybrany do 6 fina\u0142\u00f3w i uzyska\u0142 1340 punkt\u00f3w\ud83d\ude0a Jeste\u015bmy tacy dumni i szcz\u0119\u015bliwi \ud83e\udd70 Ineczka nasza r\u00f3wnie\u017c bardzo podoba\u0142a si\u0119 s\u0119dziom, ale pozosta\u0142a w cieniu Victora, w TICA zwyci\u0119zca w rasie mo\u017ce by\u0107 tylko jeden \ud83d\ude42 \u00a0 \u00a0 \u00a0\" \/>\n<meta property=\"og:url\" content=\"https:\/\/tonkijski.pl\/?page_id=3979\" \/>\n<meta property=\"og:site_name\" content=\"FELITONKI*PL - Koty Tonkijskie\" \/>\n<meta property=\"article:modified_time\" content=\"2024-01-30T22:41:43+00:00\" \/>\n<meta property=\"og:image\" content=\"http:\/\/www.tonkijski.pl\/wp-content\/uploads\/2024\/01\/IMG_68471.jpeg\" \/>\n<meta name=\"twitter:card\" content=\"summary_large_image\" \/>\n<meta name=\"twitter:label1\" content=\"Szacowany czas czytania\" \/>\n\t<meta name=\"twitter:data1\" content=\"2 minuty\" \/>\n<script type=\"application\/ld+json\" class=\"yoast-schema-graph\">{\"@context\":\"https:\/\/schema.org\",\"@graph\":[{\"@type\":\"WebPage\",\"@id\":\"https:\/\/tonkijski.pl\/?page_id=3979\",\"url\":\"https:\/\/tonkijski.pl\/?page_id=3979\",\"name\":\"21-22.10.2023 Wystawa Ksi\u0105\u017cenice - TICA - FELITONKI*PL - Koty Tonkijskie\",\"isPartOf\":{\"@id\":\"http:\/\/tonkijski.pl\/#website\"},\"primaryImageOfPage\":{\"@id\":\"https:\/\/tonkijski.pl\/?page_id=3979#primaryimage\"},\"image\":{\"@id\":\"https:\/\/tonkijski.pl\/?page_id=3979#primaryimage\"},\"thumbnailUrl\":\"http:\/\/www.tonkijski.pl\/wp-content\/uploads\/2024\/01\/IMG_68471.jpeg\",\"datePublished\":\"2024-01-19T14:56:46+00:00\",\"dateModified\":\"2024-01-30T22:41:43+00:00\",\"breadcrumb\":{\"@id\":\"https:\/\/tonkijski.pl\/?page_id=3979#breadcrumb\"},\"inLanguage\":\"pl-PL\",\"potentialAction\":[{\"@type\":\"ReadAction\",\"target\":[\"https:\/\/tonkijski.pl\/?page_id=3979\"]}]},{\"@type\":\"ImageObject\",\"inLanguage\":\"pl-PL\",\"@id\":\"https:\/\/tonkijski.pl\/?page_id=3979#primaryimage\",\"url\":\"http:\/\/www.tonkijski.pl\/wp-content\/uploads\/2024\/01\/IMG_68471.jpeg\",\"contentUrl\":\"http:\/\/www.tonkijski.pl\/wp-content\/uploads\/2024\/01\/IMG_68471.jpeg\"},{\"@type\":\"BreadcrumbList\",\"@id\":\"https:\/\/tonkijski.pl\/?page_id=3979#breadcrumb\",\"itemListElement\":[{\"@type\":\"ListItem\",\"position\":1,\"name\":\"Home\",\"item\":\"http:\/\/tonkijski.pl\/\"},{\"@type\":\"ListItem\",\"position\":2,\"name\":\"21-22.10.2023 Wystawa Ksi\u0105\u017cenice &#8211; TICA\"}]},{\"@type\":\"WebSite\",\"@id\":\"http:\/\/tonkijski.pl\/#website\",\"url\":\"http:\/\/tonkijski.pl\/\",\"name\":\"FELITONKI*PL - Koty Tonkijskie\",\"description\":\"\",\"potentialAction\":[{\"@type\":\"SearchAction\",\"target\":{\"@type\":\"EntryPoint\",\"urlTemplate\":\"http:\/\/tonkijski.pl\/?s={search_term_string}\"},\"query-input\":{\"@type\":\"PropertyValueSpecification\",\"valueRequired\":true,\"valueName\":\"search_term_string\"}}],\"inLanguage\":\"pl-PL\"}]}<\/script>\n<!-- \/ Yoast SEO plugin. -->","yoast_head_json":{"title":"21-22.10.2023 Wystawa Ksi\u0105\u017cenice - TICA - FELITONKI*PL - Koty Tonkijskie","robots":{"index":"index","follow":"follow","max-snippet":"max-snippet:-1","max-image-preview":"max-image-preview:large","max-video-preview":"max-video-preview:-1"},"canonical":"https:\/\/tonkijski.pl\/?page_id=3979","og_locale":"pl_PL","og_type":"article","og_title":"21-22.10.2023 Wystawa Ksi\u0105\u017cenice - TICA - FELITONKI*PL - Koty Tonkijskie","og_description":"Kochani, mo\u017cemy ju\u017c si\u0119 chwali\u0107 \ud83d\ude0d nasz \ud83c\uddfa\ud83c\uddf8Tonkville Victor Grey\ud83d\udc99 na swojej pierwszej w \u017cyciu wystawie &#8211; TICA Ksi\u0105\u017cenice 21-22.X.2023 &#8211; zdoby\u0142 dwa tytu\u0142y Champion\ud83c\udfc6oraz \u00a0Grand Champion\ud83c\udfc6\ud83c\udfc6- zosta\u0142 wybrany do 6 fina\u0142\u00f3w i uzyska\u0142 1340 punkt\u00f3w\ud83d\ude0a Jeste\u015bmy tacy dumni i szcz\u0119\u015bliwi \ud83e\udd70 Ineczka nasza r\u00f3wnie\u017c bardzo podoba\u0142a si\u0119 s\u0119dziom, ale pozosta\u0142a w cieniu Victora, w TICA zwyci\u0119zca w rasie mo\u017ce by\u0107 tylko jeden \ud83d\ude42 \u00a0 \u00a0 \u00a0","og_url":"https:\/\/tonkijski.pl\/?page_id=3979","og_site_name":"FELITONKI*PL - Koty Tonkijskie","article_modified_time":"2024-01-30T22:41:43+00:00","og_image":[{"url":"http:\/\/www.tonkijski.pl\/wp-content\/uploads\/2024\/01\/IMG_68471.jpeg","type":"","width":"","height":""}],"twitter_card":"summary_large_image","twitter_misc":{"Szacowany czas czytania":"2 minuty"},"schema":{"@context":"https:\/\/schema.org","@graph":[{"@type":"WebPage","@id":"https:\/\/tonkijski.pl\/?page_id=3979","url":"https:\/\/tonkijski.pl\/?page_id=3979","name":"21-22.10.2023 Wystawa Ksi\u0105\u017cenice - TICA - FELITONKI*PL - Koty Tonkijskie","isPartOf":{"@id":"http:\/\/tonkijski.pl\/#website"},"primaryImageOfPage":{"@id":"https:\/\/tonkijski.pl\/?page_id=3979#primaryimage"},"image":{"@id":"https:\/\/tonkijski.pl\/?page_id=3979#primaryimage"},"thumbnailUrl":"http:\/\/www.tonkijski.pl\/wp-content\/uploads\/2024\/01\/IMG_68471.jpeg","datePublished":"2024-01-19T14:56:46+00:00","dateModified":"2024-01-30T22:41:43+00:00","breadcrumb":{"@id":"https:\/\/tonkijski.pl\/?page_id=3979#breadcrumb"},"inLanguage":"pl-PL","potentialAction":[{"@type":"ReadAction","target":["https:\/\/tonkijski.pl\/?page_id=3979"]}]},{"@type":"ImageObject","inLanguage":"pl-PL","@id":"https:\/\/tonkijski.pl\/?page_id=3979#primaryimage","url":"http:\/\/www.tonkijski.pl\/wp-content\/uploads\/2024\/01\/IMG_68471.jpeg","contentUrl":"http:\/\/www.tonkijski.pl\/wp-content\/uploads\/2024\/01\/IMG_68471.jpeg"},{"@type":"BreadcrumbList","@id":"https:\/\/tonkijski.pl\/?page_id=3979#breadcrumb","itemListElement":[{"@type":"ListItem","position":1,"name":"Home","item":"http:\/\/tonkijski.pl\/"},{"@type":"ListItem","position":2,"name":"21-22.10.2023 Wystawa Ksi\u0105\u017cenice &#8211; TICA"}]},{"@type":"WebSite","@id":"http:\/\/tonkijski.pl\/#website","url":"http:\/\/tonkijski.pl\/","name":"FELITONKI*PL - Koty Tonkijskie","description":"","potentialAction":[{"@type":"SearchAction","target":{"@type":"EntryPoint","urlTemplate":"http:\/\/tonkijski.pl\/?s={search_term_string}"},"query-input":{"@type":"PropertyValueSpecification","valueRequired":true,"valueName":"search_term_string"}}],"inLanguage":"pl-PL"}]}},"_links":{"self":[{"href":"http:\/\/tonkijski.pl\/index.php?rest_route=\/wp\/v2\/pages\/3979","targetHints":{"allow":["GET"]}}],"collection":[{"href":"http:\/\/tonkijski.pl\/index.php?rest_route=\/wp\/v2\/pages"}],"about":[{"href":"http:\/\/tonkijski.pl\/index.php?rest_route=\/wp\/v2\/types\/page"}],"author":[{"embeddable":true,"href":"http:\/\/tonkijski.pl\/index.php?rest_route=\/wp\/v2\/users\/1"}],"replies":[{"embeddable":true,"href":"http:\/\/tonkijski.pl\/index.php?rest_route=%2Fwp%2Fv2%2Fcomments&post=3979"}],"version-history":[{"count":11,"href":"http:\/\/tonkijski.pl\/index.php?rest_route=\/wp\/v2\/pages\/3979\/revisions"}],"predecessor-version":[{"id":4075,"href":"http:\/\/tonkijski.pl\/index.php?rest_route=\/wp\/v2\/pages\/3979\/revisions\/4075"}],"wp:attachment":[{"href":"http:\/\/tonkijski.pl\/index.php?rest_route=%2Fwp%2Fv2%2Fmedia&parent=3979"}],"curies":[{"name":"wp","href":"https:\/\/api.w.org\/{rel}","templated":true}]}}